{"id":424,"date":"2026-03-17T16:42:31","date_gmt":"2026-03-17T15:42:31","guid":{"rendered":"https:\/\/guidon-fute.com\/fridges-tvs-and-strollers\/"},"modified":"2026-04-15T10:56:05","modified_gmt":"2026-04-15T08:56:05","slug":"fridges-tvs-and-strollers","status":"publish","type":"page","link":"https:\/\/guidon-fute.com\/en\/fridges-tvs-and-strollers\/","title":{"rendered":"Fridges, TVs and Strollers"},"content":{"rendered":"<div class=\"et_pb_section_0 et_pb_section et_section_regular et_flex_section\">\n<div class=\"et_pb_row_0 et_pb_row et_flex_row\">\n<div class=\"et_pb_column_0 et_pb_column et-last-child et_flex_column et_pb_css_mix_blend_mode_passthrough et_flex_column_24_24 et_flex_column_24_24_tablet et_flex_column_24_24_phone\">\n<div class=\"et_pb_image_0 et_pb_image et_pb_module et_flex_module\"><a href=\"https:\/\/guidon-fute.com\/sample-page\/\"><span class=\"et_pb_image_wrap\"><img loading=\"lazy\" decoding=\"async\" src=\"https:\/\/guidon-fute.com\/wp-content\/uploads\/2026\/03\/guidon-fute.png\" title=\"guidon-fute\" width=\"610\" height=\"140\" srcset=\"https:\/\/guidon-fute.com\/wp-content\/uploads\/2026\/03\/guidon-fute.png 610w\" sizes=\"(max-width: 610px) 100vw, 610px\" class=\"wp-image-115\" \/><\/span><\/a><\/div>\n<\/div>\n<\/div>\n<\/div>\n\n<div class=\"et_pb_section_1 et_pb_section et_section_regular et_flex_section\">\n<div class=\"et_pb_row_1 et_pb_row et_flex_row\">\n<div class=\"et_pb_column_1 et_pb_column et-last-child et_flex_column et_pb_css_mix_blend_mode_passthrough et_flex_column_24_24 et_flex_column_24_24_tablet et_flex_column_24_24_phone\">\n<div class=\"et_pb_text_0 et_pb_text et_pb_bg_layout_light et_pb_module et_flex_module\"><div class=\"et_pb_text_inner\"><h1>Rent a refrigerator, television or stroller in Argel\u00e8s-sur-Mer<\/h1>\n<\/div><\/div>\n\n<div class=\"et_pb_text_1 et_pb_text et_pb_bg_layout_light et_pb_module et_flex_module\"><div class=\"et_pb_text_inner\"><h2>Equipment suited to your needs and budget<\/h2>\n<p>Looking to rent a refrigerator, television or stroller for your vacation in Argel\u00e8s?<br \/>\nGuidon Fut\u00e9 is the solution you need!<\/p>\n<p>We offer table-top fridge rentals, large 205-liter fridges with small freezers, televisions with antennas, and stroller rentals. You'll find equipment suited to your needs and budget with us.<\/p>\n<\/div><\/div>\n<\/div>\n<\/div>\n<\/div>\n\n<div class=\"et_pb_section_2 et_pb_section et_section_regular et_flex_section\">\n<div class=\"et_pb_row_2 et_pb_row et_flex_row\">\n<div class=\"et_pb_column_2 et_pb_column et-last-child et_flex_column et_pb_css_mix_blend_mode_passthrough et_flex_column_24_24 et_flex_column_24_24_tablet et_flex_column_24_24_phone\">\n<div class=\"et_pb_text_2 et_pb_text et_pb_bg_layout_light et_pb_module et_flex_module\"><div class=\"et_pb_text_inner\"><h2>Rental rates for fridges, TVs and strollers<\/h2>\n<\/div><\/div>\n\n<div class=\"et_pb_code_0 et_pb_code et_pb_module\"><div class=\"et_pb_code_inner\">    <div class=\"tl-wrapper\" id=\"tl-wrapper-424\">\n        <table class=\"tl-table\" role=\"table\" aria-label=\"Rental rates table\">\n            <thead>\n                <tr>\n                    <th scope=\"col\">Duration<\/th>\n                                            <th scope=\"col\">Top Fridge<\/th>\n                                            <th scope=\"col\">205 L Fridge<\/th>\n                                            <th scope=\"col\">TV<\/th>\n                                            <th scope=\"col\">Pushchair<\/th>\n                                    <\/tr>\n            <\/thead>\n            <tbody>\n                                    <tr>\n                        <td data-label=\"Duration\">1 week<\/td>\n                                                    <td data-label=\"Top Fridge\">\n                                35,00&nbsp;\u20ac                            <\/td>\n                                                    <td data-label=\"205 L Fridge\">\n                                50,00&nbsp;\u20ac                            <\/td>\n                                                    <td data-label=\"TV\">\n                                38,00&nbsp;\u20ac                            <\/td>\n                                                    <td data-label=\"Pushchair\">\n                                25,00&nbsp;\u20ac                            <\/td>\n                                            <\/tr>\n                                    <tr>\n                        <td data-label=\"Duration\">2 weeks<\/td>\n                                                    <td data-label=\"Top Fridge\">\n                                65,00&nbsp;\u20ac                            <\/td>\n                                                    <td data-label=\"205 L Fridge\">\n                                90,00&nbsp;\u20ac                            <\/td>\n                                                    <td data-label=\"TV\">\n                                66,00&nbsp;\u20ac                            <\/td>\n                                                    <td data-label=\"Pushchair\">\n                                50,00&nbsp;\u20ac                            <\/td>\n                                            <\/tr>\n                                    <tr>\n                        <td data-label=\"Duration\">3 weeks<\/td>\n                                                    <td data-label=\"Top Fridge\">\n                                95,00&nbsp;\u20ac                            <\/td>\n                                                    <td data-label=\"205 L Fridge\">\n                                130,00&nbsp;\u20ac                            <\/td>\n                                                    <td data-label=\"TV\">\n                                96,00&nbsp;\u20ac                            <\/td>\n                                                    <td data-label=\"Pushchair\">\n                                65,00&nbsp;\u20ac                            <\/td>\n                                            <\/tr>\n                                    <tr>\n                        <td data-label=\"Duration\">4 weeks<\/td>\n                                                    <td data-label=\"Top Fridge\">\n                                120,00&nbsp;\u20ac                            <\/td>\n                                                    <td data-label=\"205 L Fridge\">\n                                150,00&nbsp;\u20ac                            <\/td>\n                                                    <td data-label=\"TV\">\n                                126,00&nbsp;\u20ac                            <\/td>\n                                                    <td data-label=\"Pushchair\">\n                                75,00&nbsp;\u20ac                            <\/td>\n                                            <\/tr>\n                            <\/tbody>\n        <\/table>\n    <\/div>\n    <script>\n    (function() {\n        var wrapper = document.getElementById('tl-wrapper-424');\n        if (!wrapper) return;\n        function checkScroll() {\n            wrapper.classList.toggle('tl-has-scroll', wrapper.scrollWidth > wrapper.clientWidth);\n        }\n        checkScroll();\n        window.addEventListener('resize', checkScroll);\n    })();\n    <\/script>\n    <\/div><\/div>\n<\/div>\n<\/div>\n<\/div>\n\n<div class=\"et_pb_section_3 et_pb_section et_section_regular et_flex_section\">\n<div class=\"et_pb_row_3 et_pb_row et_flex_row et_animated\">\n<div class=\"et_pb_column_3 et_pb_column et_flex_column et_pb_css_mix_blend_mode_passthrough et_flex_column_3_5 et_flex_column_3_5_tablet et_flex_column_24_24_phone\">\n<div class=\"et_pb_text_3 et_pb_text et_pb_bg_layout_light et_pb_module et_flex_module\"><div class=\"et_pb_text_inner\"><p><span class=\"cercle\" style=\"width: 48px; height: 48px; border-radius: 50%; border: 2px solid #EB3D03; display: inline-flex; align-items: center; justify-content: center; font-size: 26px; font-weight: 500; color: #EB3D03;\">1<\/span><\/p>\n<\/div><\/div>\n\n<div class=\"et_pb_text_4 et_pb_text et_pb_bg_layout_light et_pb_module et_flex_module\"><div class=\"et_pb_text_inner\"><p>Free delivery and return<\/p>\n<\/div><\/div>\n\n<div class=\"et_pb_text_5 et_pb_text et_pb_bg_layout_light et_pb_module et_flex_module\"><div class=\"et_pb_text_inner\"><p>Delivery and return are free from one week of rental at all our partner campsites.<\/p>\n<p>You can fully enjoy your stay without worrying about transporting or storing your equipment.<\/p>\n<\/div><\/div>\n<\/div>\n\n<div class=\"et_pb_column_4 et_pb_column et-last-child et_flex_column et_pb_css_mix_blend_mode_passthrough et_flex_column_2_5 et_flex_column_2_5_tablet et_flex_column_24_24_phone\">\n<div class=\"et_pb_image_1 et_pb_image et_pb_module et_flex_module\"><span class=\"et_pb_image_wrap\"><img loading=\"lazy\" decoding=\"async\" src=\"https:\/\/guidon-fute.com\/wp-content\/uploads\/2026\/03\/Livraison-et-retour-gratuits.jpg\" title=\"Free delivery and return\" width=\"960\" height=\"960\" srcset=\"https:\/\/guidon-fute.com\/wp-content\/uploads\/2026\/03\/Livraison-et-retour-gratuits.jpg 960w\" sizes=\"(max-width: 960px) 100vw, 960px\" class=\"wp-image-249\" \/><\/span><\/div>\n<\/div>\n<\/div>\n\n<div class=\"et_pb_row_4 et_pb_row et_flex_row et_animated\">\n<div class=\"et_pb_column_5 et_pb_column et_flex_column et_pb_css_mix_blend_mode_passthrough et_flex_column_2_5 et_flex_column_2_5_tablet et_flex_column_24_24_phone\">\n<div class=\"et_pb_image_2 et_pb_image et_pb_module et_flex_module\"><span class=\"et_pb_image_wrap\"><img loading=\"lazy\" decoding=\"async\" src=\"https:\/\/guidon-fute.com\/wp-content\/uploads\/2026\/03\/Nos-partenaires.jpg\" title=\"Our partners\" width=\"960\" height=\"960\" srcset=\"https:\/\/guidon-fute.com\/wp-content\/uploads\/2026\/03\/Nos-partenaires.jpg 960w\" sizes=\"(max-width: 960px) 100vw, 960px\" class=\"wp-image-258\" \/><\/span><\/div>\n<\/div>\n\n<div class=\"et_pb_column_6 et_pb_column et-last-child et_flex_column et_pb_css_mix_blend_mode_passthrough et_flex_column_3_5 et_flex_column_3_5_tablet et_flex_column_24_24_phone\">\n<div class=\"et_pb_text_6 et_pb_text et_pb_bg_layout_light et_pb_module et_flex_module\"><div class=\"et_pb_text_inner\"><p><span class=\"cercle\" style=\"width: 48px; height: 48px; border-radius: 50%; border: 2px solid #EB3D03; display: inline-flex; align-items: center; justify-content: center; font-size: 26px; font-weight: 500; color: #EB3D03;\">2<\/span><\/p>\n<\/div><\/div>\n\n<div class=\"et_pb_text_7 et_pb_text et_pb_bg_layout_light et_pb_module et_flex_module\"><div class=\"et_pb_text_inner\"><p>Our partners<\/p>\n<\/div><\/div>\n\n<div class=\"et_pb_text_8 et_pb_text et_pb_bg_layout_light et_pb_module et_flex_module\"><div class=\"et_pb_text_inner\"><p>Some campsites or local businesses are partners. Feel free to let us know your vacation location so we can see if you can benefit from the advantages we've set up.<\/p>\n<\/div><\/div>\n<\/div>\n<\/div>\n\n<div class=\"et_pb_row_5 et_pb_row et_flex_row et_animated\">\n<div class=\"et_pb_column_7 et_pb_column et_flex_column et_pb_css_mix_blend_mode_passthrough et_flex_column_3_5 et_flex_column_3_5_tablet et_flex_column_24_24_phone\">\n<div class=\"et_pb_text_9 et_pb_text et_pb_bg_layout_light et_pb_module et_flex_module\"><div class=\"et_pb_text_inner\"><p><span class=\"cercle\" style=\"width: 48px; height: 48px; border-radius: 50%; border: 2px solid #EB3D03; display: inline-flex; align-items: center; justify-content: center; font-size: 26px; font-weight: 500; color: #EB3D03;\">3<\/span><\/p>\n<\/div><\/div>\n\n<div class=\"et_pb_text_10 et_pb_text et_pb_bg_layout_light et_pb_module et_flex_module\"><div class=\"et_pb_text_inner\"><p>A successful vacation<\/p>\n<\/div><\/div>\n\n<div class=\"et_pb_text_11 et_pb_text et_pb_bg_layout_light et_pb_module et_flex_module\"><div class=\"et_pb_text_inner\"><p>With Guidon Fut\u00e9, you're sure to have a successful and worry-free vacation!<\/p>\n<\/div><\/div>\n<\/div>\n\n<div class=\"et_pb_column_8 et_pb_column et-last-child et_flex_column et_pb_css_mix_blend_mode_passthrough et_flex_column_2_5 et_flex_column_2_5_tablet et_flex_column_24_24_phone\">\n<div class=\"et_pb_image_3 et_pb_image et_pb_module et_flex_module\"><span class=\"et_pb_image_wrap\"><img loading=\"lazy\" decoding=\"async\" src=\"https:\/\/guidon-fute.com\/wp-content\/uploads\/2026\/03\/Des-vacances-reussies.jpg\" title=\"A successful vacation\" width=\"960\" height=\"960\" srcset=\"https:\/\/guidon-fute.com\/wp-content\/uploads\/2026\/03\/Des-vacances-reussies.jpg 960w\" sizes=\"(max-width: 960px) 100vw, 960px\" class=\"wp-image-259\" \/><\/span><\/div>\n<\/div>\n<\/div>\n<\/div>\n\n<div class=\"et_pb_section_4 et_pb_section et_section_regular et_flex_section\">\n<div class=\"et_pb_row_6 et_pb_row et_flex_row\">\n<div class=\"et_pb_column_9 et_pb_column et-last-child et_flex_column et_pb_css_mix_blend_mode_passthrough et_flex_column_24_24 et_flex_column_24_24_tablet et_flex_column_24_24_phone\">\n<div class=\"et_pb_icon_0 et_pb_icon et_pb_module et_flex_module\"><span class=\"et_pb_icon_wrap\"><span class=\"et-pb-icon\">\uf05a<\/span><\/span><\/div>\n\n<div class=\"et_pb_text_12 et_pb_text et_pb_bg_layout_light et_pb_module et_flex_module\"><div class=\"et_pb_text_inner\"><p>With Guidon Fut\u00e9, you're sure<br \/>\nto have a successful and worry-free vacation!<\/p>\n<\/div><\/div>\n<\/div>\n<\/div>\n<\/div>","protected":false},"excerpt":{"rendered":"","protected":false},"author":1,"featured_media":0,"parent":0,"menu_order":0,"comment_status":"closed","ping_status":"closed","template":"","meta":{"_acf_changed":false,"footnotes":""},"class_list":["post-424","page","type-page","status-publish","hentry"],"acf":[],"yoast_head":"<!-- This site is optimized with the Yoast SEO plugin v27.4 - https:\/\/yoast.com\/product\/yoast-seo-wordpress\/ -->\n<title>Fridges, TVs and Strollers - Guidon Fut\u00e9<\/title>\n<meta name=\"robots\" content=\"index, follow, max-snippet:-1, max-image-preview:large, max-video-preview:-1\" \/>\n<link rel=\"canonical\" href=\"https:\/\/guidon-fute.com\/en\/fridges-tvs-and-strollers\/\" \/>\n<meta property=\"og:locale\" content=\"en_US\" \/>\n<meta property=\"og:type\" content=\"article\" \/>\n<meta property=\"og:title\" content=\"Fridges, TVs and Strollers - Guidon Fut\u00e9\" \/>\n<meta property=\"og:url\" content=\"https:\/\/guidon-fute.com\/en\/fridges-tvs-and-strollers\/\" \/>\n<meta property=\"og:site_name\" content=\"Guidon Fut\u00e9\" \/>\n<meta property=\"article:modified_time\" content=\"2026-04-15T08:56:05+00:00\" \/>\n<meta name=\"twitter:card\" content=\"summary_large_image\" \/>\n<script type=\"application\/ld+json\" class=\"yoast-schema-graph\">{\"@context\":\"https:\\\/\\\/schema.org\",\"@graph\":[{\"@type\":\"WebPage\",\"@id\":\"https:\\\/\\\/guidon-fute.com\\\/en\\\/fridges-tvs-and-strollers\\\/\",\"url\":\"https:\\\/\\\/guidon-fute.com\\\/en\\\/fridges-tvs-and-strollers\\\/\",\"name\":\"Fridges, TVs and Strollers - Guidon Fut\u00e9\",\"isPartOf\":{\"@id\":\"https:\\\/\\\/guidon-fute.com\\\/#website\"},\"datePublished\":\"2026-03-17T15:42:31+00:00\",\"dateModified\":\"2026-04-15T08:56:05+00:00\",\"breadcrumb\":{\"@id\":\"https:\\\/\\\/guidon-fute.com\\\/en\\\/fridges-tvs-and-strollers\\\/#breadcrumb\"},\"inLanguage\":\"en-US\",\"potentialAction\":[{\"@type\":\"ReadAction\",\"target\":[\"https:\\\/\\\/guidon-fute.com\\\/en\\\/fridges-tvs-and-strollers\\\/\"]}]},{\"@type\":\"BreadcrumbList\",\"@id\":\"https:\\\/\\\/guidon-fute.com\\\/en\\\/fridges-tvs-and-strollers\\\/#breadcrumb\",\"itemListElement\":[{\"@type\":\"ListItem\",\"position\":1,\"name\":\"Accueil\",\"item\":\"https:\\\/\\\/guidon-fute.com\\\/en\\\/home\\\/\"},{\"@type\":\"ListItem\",\"position\":2,\"name\":\"Fridges, TVs and Strollers\"}]},{\"@type\":\"WebSite\",\"@id\":\"https:\\\/\\\/guidon-fute.com\\\/#website\",\"url\":\"https:\\\/\\\/guidon-fute.com\\\/\",\"name\":\"Guidon Fut\u00e9\",\"description\":\"Location de v\u00e9los, VTT et de rosalies \u00e0 Argeles sur Mer\",\"publisher\":{\"@id\":\"https:\\\/\\\/guidon-fute.com\\\/#organization\"},\"potentialAction\":[{\"@type\":\"SearchAction\",\"target\":{\"@type\":\"EntryPoint\",\"urlTemplate\":\"https:\\\/\\\/guidon-fute.com\\\/?s={search_term_string}\"},\"query-input\":{\"@type\":\"PropertyValueSpecification\",\"valueRequired\":true,\"valueName\":\"search_term_string\"}}],\"inLanguage\":\"en-US\"},{\"@type\":\"Organization\",\"@id\":\"https:\\\/\\\/guidon-fute.com\\\/#organization\",\"name\":\"Guidon Fut\u00e9\",\"url\":\"https:\\\/\\\/guidon-fute.com\\\/\",\"logo\":{\"@type\":\"ImageObject\",\"inLanguage\":\"en-US\",\"@id\":\"https:\\\/\\\/guidon-fute.com\\\/#\\\/schema\\\/logo\\\/image\\\/\",\"url\":\"https:\\\/\\\/guidon-fute.com\\\/wp-content\\\/uploads\\\/2026\\\/03\\\/guidon-fute.png\",\"contentUrl\":\"https:\\\/\\\/guidon-fute.com\\\/wp-content\\\/uploads\\\/2026\\\/03\\\/guidon-fute.png\",\"width\":610,\"height\":140,\"caption\":\"Guidon Fut\u00e9\"},\"image\":{\"@id\":\"https:\\\/\\\/guidon-fute.com\\\/#\\\/schema\\\/logo\\\/image\\\/\"}}]}<\/script>\n<!-- \/ Yoast SEO plugin. -->","yoast_head_json":{"title":"Fridges, TVs and Strollers - Guidon Fut\u00e9","robots":{"index":"index","follow":"follow","max-snippet":"max-snippet:-1","max-image-preview":"max-image-preview:large","max-video-preview":"max-video-preview:-1"},"canonical":"https:\/\/guidon-fute.com\/en\/fridges-tvs-and-strollers\/","og_locale":"en_US","og_type":"article","og_title":"Fridges, TVs and Strollers - Guidon Fut\u00e9","og_url":"https:\/\/guidon-fute.com\/en\/fridges-tvs-and-strollers\/","og_site_name":"Guidon Fut\u00e9","article_modified_time":"2026-04-15T08:56:05+00:00","twitter_card":"summary_large_image","schema":{"@context":"https:\/\/schema.org","@graph":[{"@type":"WebPage","@id":"https:\/\/guidon-fute.com\/en\/fridges-tvs-and-strollers\/","url":"https:\/\/guidon-fute.com\/en\/fridges-tvs-and-strollers\/","name":"Fridges, TVs and Strollers - Guidon Fut\u00e9","isPartOf":{"@id":"https:\/\/guidon-fute.com\/#website"},"datePublished":"2026-03-17T15:42:31+00:00","dateModified":"2026-04-15T08:56:05+00:00","breadcrumb":{"@id":"https:\/\/guidon-fute.com\/en\/fridges-tvs-and-strollers\/#breadcrumb"},"inLanguage":"en-US","potentialAction":[{"@type":"ReadAction","target":["https:\/\/guidon-fute.com\/en\/fridges-tvs-and-strollers\/"]}]},{"@type":"BreadcrumbList","@id":"https:\/\/guidon-fute.com\/en\/fridges-tvs-and-strollers\/#breadcrumb","itemListElement":[{"@type":"ListItem","position":1,"name":"Accueil","item":"https:\/\/guidon-fute.com\/en\/home\/"},{"@type":"ListItem","position":2,"name":"Fridges, TVs and Strollers"}]},{"@type":"WebSite","@id":"https:\/\/guidon-fute.com\/#website","url":"https:\/\/guidon-fute.com\/","name":"Guidon Fut\u00e9","description":"Location de v\u00e9los, VTT et de rosalies \u00e0 Argeles sur Mer","publisher":{"@id":"https:\/\/guidon-fute.com\/#organization"},"potentialAction":[{"@type":"SearchAction","target":{"@type":"EntryPoint","urlTemplate":"https:\/\/guidon-fute.com\/?s={search_term_string}"},"query-input":{"@type":"PropertyValueSpecification","valueRequired":true,"valueName":"search_term_string"}}],"inLanguage":"en-US"},{"@type":"Organization","@id":"https:\/\/guidon-fute.com\/#organization","name":"Guidon Fut\u00e9","url":"https:\/\/guidon-fute.com\/","logo":{"@type":"ImageObject","inLanguage":"en-US","@id":"https:\/\/guidon-fute.com\/#\/schema\/logo\/image\/","url":"https:\/\/guidon-fute.com\/wp-content\/uploads\/2026\/03\/guidon-fute.png","contentUrl":"https:\/\/guidon-fute.com\/wp-content\/uploads\/2026\/03\/guidon-fute.png","width":610,"height":140,"caption":"Guidon Fut\u00e9"},"image":{"@id":"https:\/\/guidon-fute.com\/#\/schema\/logo\/image\/"}}]}},"_links":{"self":[{"href":"https:\/\/guidon-fute.com\/en\/wp-json\/wp\/v2\/pages\/424","targetHints":{"allow":["GET"]}}],"collection":[{"href":"https:\/\/guidon-fute.com\/en\/wp-json\/wp\/v2\/pages"}],"about":[{"href":"https:\/\/guidon-fute.com\/en\/wp-json\/wp\/v2\/types\/page"}],"author":[{"embeddable":true,"href":"https:\/\/guidon-fute.com\/en\/wp-json\/wp\/v2\/users\/1"}],"replies":[{"embeddable":true,"href":"https:\/\/guidon-fute.com\/en\/wp-json\/wp\/v2\/comments?post=424"}],"version-history":[{"count":1,"href":"https:\/\/guidon-fute.com\/en\/wp-json\/wp\/v2\/pages\/424\/revisions"}],"predecessor-version":[{"id":425,"href":"https:\/\/guidon-fute.com\/en\/wp-json\/wp\/v2\/pages\/424\/revisions\/425"}],"wp:attachment":[{"href":"https:\/\/guidon-fute.com\/en\/wp-json\/wp\/v2\/media?parent=424"}],"curies":[{"name":"wp","href":"https:\/\/api.w.org\/{rel}","templated":true}]}}