{"id":426,"date":"2026-02-27T16:20:17","date_gmt":"2026-02-27T15:20:17","guid":{"rendered":"https:\/\/guidon-fute.com\/legal-notice\/"},"modified":"2026-04-03T11:25:45","modified_gmt":"2026-04-03T09:25:45","slug":"legal-notice","status":"publish","type":"page","link":"https:\/\/guidon-fute.com\/en\/legal-notice\/","title":{"rendered":"Legal Notice"},"content":{"rendered":"\n<p class=\"has-medium-font-size\"><strong>Legal notice<\/strong><\/p>\n\n<p>The company  has launched the site  (Accessible at this address: )<\/p>\n\n<p>Using the Site implies compliance with the terms of these conditions of use. By accessing the Site, any user browsing the Site declares to have read and accepted the reservations<\/p>\n\n<p>The Site is accessible at the following URL: . The Site editor is the company , with a capital of \u20ac, registered under the number , with its head office located at:<\/p>\n\n\n<p>Can be reached by phone at , represented by .<\/p>\n\n<p>The Site is developed by the company AxeInternet, with a share capital of 30,000 Euros, registered in the Perpignan Trade and Companies Register under number 407 836 089 000 42, whose head office is located at 70 av Alfred Kastler 66100 Perpignan \u2013 France<\/p>\n\n<p>Host: AttrapTemps<br\/>AttrapTemps SARL,<br\/>70 av Alfred Kastler \u2013 Perpignan<br\/>66100 Perpignan \u2013 France<\/p>\n","protected":false},"excerpt":{"rendered":"<p>Legal notice The company has launched the site (Accessible at this address: ) Using the Site implies compliance with the terms of these conditions of use. By accessing the Site, any user browsing the Site declares to have read and accepted the reservations The Site is accessible at the following URL: . The Site editor [&hellip;]<\/p>\n","protected":false},"author":1,"featured_media":0,"parent":0,"menu_order":0,"comment_status":"closed","ping_status":"closed","template":"","meta":{"_acf_changed":false,"footnotes":""},"class_list":["post-426","page","type-page","status-publish","hentry"],"acf":[],"yoast_head":"<!-- This site is optimized with the Yoast SEO plugin v27.4 - https:\/\/yoast.com\/product\/yoast-seo-wordpress\/ -->\n<title>Legal Notice - Guidon Fut\u00e9<\/title>\n<meta name=\"robots\" content=\"index, follow, max-snippet:-1, max-image-preview:large, max-video-preview:-1\" \/>\n<link rel=\"canonical\" href=\"https:\/\/guidon-fute.com\/en\/legal-notice\/\" \/>\n<meta property=\"og:locale\" content=\"en_US\" \/>\n<meta property=\"og:type\" content=\"article\" \/>\n<meta property=\"og:title\" content=\"Legal Notice - Guidon Fut\u00e9\" \/>\n<meta property=\"og:description\" content=\"Legal notice The company has launched the site (Accessible at this address: ) Using the Site implies compliance with the terms of these conditions of use. By accessing the Site, any user browsing the Site declares to have read and accepted the reservations The Site is accessible at the following URL: . The Site editor [&hellip;]\" \/>\n<meta property=\"og:url\" content=\"https:\/\/guidon-fute.com\/en\/legal-notice\/\" \/>\n<meta property=\"og:site_name\" content=\"Guidon Fut\u00e9\" \/>\n<meta property=\"article:modified_time\" content=\"2026-04-03T09:25:45+00:00\" \/>\n<meta name=\"twitter:card\" content=\"summary_large_image\" \/>\n<meta name=\"twitter:label1\" content=\"Est. reading time\" \/>\n\t<meta name=\"twitter:data1\" content=\"1 minute\" \/>\n<script type=\"application\/ld+json\" class=\"yoast-schema-graph\">{\"@context\":\"https:\\\/\\\/schema.org\",\"@graph\":[{\"@type\":\"WebPage\",\"@id\":\"https:\\\/\\\/guidon-fute.com\\\/en\\\/legal-notice\\\/\",\"url\":\"https:\\\/\\\/guidon-fute.com\\\/en\\\/legal-notice\\\/\",\"name\":\"Legal Notice - Guidon Fut\u00e9\",\"isPartOf\":{\"@id\":\"https:\\\/\\\/guidon-fute.com\\\/#website\"},\"datePublished\":\"2026-02-27T15:20:17+00:00\",\"dateModified\":\"2026-04-03T09:25:45+00:00\",\"breadcrumb\":{\"@id\":\"https:\\\/\\\/guidon-fute.com\\\/en\\\/legal-notice\\\/#breadcrumb\"},\"inLanguage\":\"en-US\",\"potentialAction\":[{\"@type\":\"ReadAction\",\"target\":[\"https:\\\/\\\/guidon-fute.com\\\/en\\\/legal-notice\\\/\"]}]},{\"@type\":\"BreadcrumbList\",\"@id\":\"https:\\\/\\\/guidon-fute.com\\\/en\\\/legal-notice\\\/#breadcrumb\",\"itemListElement\":[{\"@type\":\"ListItem\",\"position\":1,\"name\":\"Accueil\",\"item\":\"https:\\\/\\\/guidon-fute.com\\\/en\\\/home\\\/\"},{\"@type\":\"ListItem\",\"position\":2,\"name\":\"Legal Notice\"}]},{\"@type\":\"WebSite\",\"@id\":\"https:\\\/\\\/guidon-fute.com\\\/#website\",\"url\":\"https:\\\/\\\/guidon-fute.com\\\/\",\"name\":\"Guidon Fut\u00e9\",\"description\":\"Location de v\u00e9los, VTT et de rosalies \u00e0 Argeles sur Mer\",\"publisher\":{\"@id\":\"https:\\\/\\\/guidon-fute.com\\\/#organization\"},\"potentialAction\":[{\"@type\":\"SearchAction\",\"target\":{\"@type\":\"EntryPoint\",\"urlTemplate\":\"https:\\\/\\\/guidon-fute.com\\\/?s={search_term_string}\"},\"query-input\":{\"@type\":\"PropertyValueSpecification\",\"valueRequired\":true,\"valueName\":\"search_term_string\"}}],\"inLanguage\":\"en-US\"},{\"@type\":\"Organization\",\"@id\":\"https:\\\/\\\/guidon-fute.com\\\/#organization\",\"name\":\"Guidon Fut\u00e9\",\"url\":\"https:\\\/\\\/guidon-fute.com\\\/\",\"logo\":{\"@type\":\"ImageObject\",\"inLanguage\":\"en-US\",\"@id\":\"https:\\\/\\\/guidon-fute.com\\\/#\\\/schema\\\/logo\\\/image\\\/\",\"url\":\"https:\\\/\\\/guidon-fute.com\\\/wp-content\\\/uploads\\\/2026\\\/03\\\/guidon-fute.png\",\"contentUrl\":\"https:\\\/\\\/guidon-fute.com\\\/wp-content\\\/uploads\\\/2026\\\/03\\\/guidon-fute.png\",\"width\":610,\"height\":140,\"caption\":\"Guidon Fut\u00e9\"},\"image\":{\"@id\":\"https:\\\/\\\/guidon-fute.com\\\/#\\\/schema\\\/logo\\\/image\\\/\"}}]}<\/script>\n<!-- \/ Yoast SEO plugin. -->","yoast_head_json":{"title":"Legal Notice - Guidon Fut\u00e9","robots":{"index":"index","follow":"follow","max-snippet":"max-snippet:-1","max-image-preview":"max-image-preview:large","max-video-preview":"max-video-preview:-1"},"canonical":"https:\/\/guidon-fute.com\/en\/legal-notice\/","og_locale":"en_US","og_type":"article","og_title":"Legal Notice - Guidon Fut\u00e9","og_description":"Legal notice The company has launched the site (Accessible at this address: ) Using the Site implies compliance with the terms of these conditions of use. By accessing the Site, any user browsing the Site declares to have read and accepted the reservations The Site is accessible at the following URL: . The Site editor [&hellip;]","og_url":"https:\/\/guidon-fute.com\/en\/legal-notice\/","og_site_name":"Guidon Fut\u00e9","article_modified_time":"2026-04-03T09:25:45+00:00","twitter_card":"summary_large_image","twitter_misc":{"Est. reading time":"1 minute"},"schema":{"@context":"https:\/\/schema.org","@graph":[{"@type":"WebPage","@id":"https:\/\/guidon-fute.com\/en\/legal-notice\/","url":"https:\/\/guidon-fute.com\/en\/legal-notice\/","name":"Legal Notice - Guidon Fut\u00e9","isPartOf":{"@id":"https:\/\/guidon-fute.com\/#website"},"datePublished":"2026-02-27T15:20:17+00:00","dateModified":"2026-04-03T09:25:45+00:00","breadcrumb":{"@id":"https:\/\/guidon-fute.com\/en\/legal-notice\/#breadcrumb"},"inLanguage":"en-US","potentialAction":[{"@type":"ReadAction","target":["https:\/\/guidon-fute.com\/en\/legal-notice\/"]}]},{"@type":"BreadcrumbList","@id":"https:\/\/guidon-fute.com\/en\/legal-notice\/#breadcrumb","itemListElement":[{"@type":"ListItem","position":1,"name":"Accueil","item":"https:\/\/guidon-fute.com\/en\/home\/"},{"@type":"ListItem","position":2,"name":"Legal Notice"}]},{"@type":"WebSite","@id":"https:\/\/guidon-fute.com\/#website","url":"https:\/\/guidon-fute.com\/","name":"Guidon Fut\u00e9","description":"Location de v\u00e9los, VTT et de rosalies \u00e0 Argeles sur Mer","publisher":{"@id":"https:\/\/guidon-fute.com\/#organization"},"potentialAction":[{"@type":"SearchAction","target":{"@type":"EntryPoint","urlTemplate":"https:\/\/guidon-fute.com\/?s={search_term_string}"},"query-input":{"@type":"PropertyValueSpecification","valueRequired":true,"valueName":"search_term_string"}}],"inLanguage":"en-US"},{"@type":"Organization","@id":"https:\/\/guidon-fute.com\/#organization","name":"Guidon Fut\u00e9","url":"https:\/\/guidon-fute.com\/","logo":{"@type":"ImageObject","inLanguage":"en-US","@id":"https:\/\/guidon-fute.com\/#\/schema\/logo\/image\/","url":"https:\/\/guidon-fute.com\/wp-content\/uploads\/2026\/03\/guidon-fute.png","contentUrl":"https:\/\/guidon-fute.com\/wp-content\/uploads\/2026\/03\/guidon-fute.png","width":610,"height":140,"caption":"Guidon Fut\u00e9"},"image":{"@id":"https:\/\/guidon-fute.com\/#\/schema\/logo\/image\/"}}]}},"_links":{"self":[{"href":"https:\/\/guidon-fute.com\/en\/wp-json\/wp\/v2\/pages\/426","targetHints":{"allow":["GET"]}}],"collection":[{"href":"https:\/\/guidon-fute.com\/en\/wp-json\/wp\/v2\/pages"}],"about":[{"href":"https:\/\/guidon-fute.com\/en\/wp-json\/wp\/v2\/types\/page"}],"author":[{"embeddable":true,"href":"https:\/\/guidon-fute.com\/en\/wp-json\/wp\/v2\/users\/1"}],"replies":[{"embeddable":true,"href":"https:\/\/guidon-fute.com\/en\/wp-json\/wp\/v2\/comments?post=426"}],"version-history":[{"count":1,"href":"https:\/\/guidon-fute.com\/en\/wp-json\/wp\/v2\/pages\/426\/revisions"}],"predecessor-version":[{"id":427,"href":"https:\/\/guidon-fute.com\/en\/wp-json\/wp\/v2\/pages\/426\/revisions\/427"}],"wp:attachment":[{"href":"https:\/\/guidon-fute.com\/en\/wp-json\/wp\/v2\/media?parent=426"}],"curies":[{"name":"wp","href":"https:\/\/api.w.org\/{rel}","templated":true}]}}