{"id":430,"date":"2026-03-17T16:43:04","date_gmt":"2026-03-17T15:43:04","guid":{"rendered":"https:\/\/guidon-fute.com\/location\/"},"modified":"2026-04-15T13:08:14","modified_gmt":"2026-04-15T11:08:14","slug":"location","status":"publish","type":"page","link":"https:\/\/guidon-fute.com\/en\/location\/","title":{"rendered":"Location"},"content":{"rendered":"<div class=\"et_pb_section_0 et_pb_section et_section_regular et_flex_section\">\n<div class=\"et_pb_row_0 et_pb_row et_flex_row\">\n<div class=\"et_pb_column_0 et_pb_column et-last-child et_flex_column et_pb_css_mix_blend_mode_passthrough et_flex_column_24_24 et_flex_column_24_24_tablet et_flex_column_24_24_phone\">\n<div class=\"et_pb_image_0 et_pb_image et_pb_module et_flex_module\"><a href=\"https:\/\/guidon-fute.com\/sample-page\/\"><span class=\"et_pb_image_wrap\"><img loading=\"lazy\" decoding=\"async\" src=\"https:\/\/guidon-fute.com\/wp-content\/uploads\/2026\/03\/guidon-fute.png\" title=\"guidon-fute\" width=\"610\" height=\"140\" srcset=\"https:\/\/guidon-fute.com\/wp-content\/uploads\/2026\/03\/guidon-fute.png 610w\" sizes=\"(max-width: 610px) 100vw, 610px\" class=\"wp-image-115\" \/><\/span><\/a><\/div>\n<\/div>\n<\/div>\n<\/div>\n\n<div class=\"et_pb_section_1 et_pb_section et_section_regular et_flex_section\">\n<div class=\"et_pb_row_1 et_pb_row et_flex_row\">\n<div class=\"et_pb_column_1 et_pb_column et-last-child et_flex_column et_pb_css_mix_blend_mode_passthrough et_flex_column_24_24 et_flex_column_24_24_tablet et_flex_column_24_24_phone\">\n<div class=\"et_pb_text_0 et_pb_text et_pb_bg_layout_light et_pb_module et_flex_module\"><div class=\"et_pb_text_inner\"><h1>Find us at our shop in Argel\u00e8s-sur-Mer<\/h1>\n<\/div><\/div>\n\n<div class=\"et_pb_text_1 et_pb_text et_pb_bg_layout_light et_pb_module et_flex_module\"><div class=\"et_pb_text_inner\"><p>Whether you want to organize a mountain bike trek, a bike ride around the harbor, or rent a TV or a fridge...<\/p>\n<\/div><\/div>\n<\/div>\n<\/div>\n<\/div>\n\n<div class=\"et_pb_section_2 et_pb_section et_section_regular et_flex_section\">\n<div class=\"et_pb_row_2 et_pb_row et_flex_row\">\n<div class=\"et_pb_column_2 et_pb_column et_flex_column et_pb_css_mix_blend_mode_passthrough et_flex_column_6_24 et_flex_column_12_24_tablet et_flex_column_24_24_phone\">\n<div class=\"et_pb_image_1 et_pb_image et_pb_module et_flex_module\"><span class=\"et_pb_image_wrap\"><img loading=\"lazy\" decoding=\"async\" src=\"https:\/\/guidon-fute.com\/wp-content\/uploads\/2026\/04\/location-guidon-fute.jpg\" alt=\"guidon-fute-rentals\" title=\"guidon-fute-rentals\" width=\"450\" height=\"450\" srcset=\"https:\/\/guidon-fute.com\/wp-content\/uploads\/2026\/04\/location-guidon-fute.jpg 450w\" sizes=\"(max-width: 450px) 100vw, 450px\" class=\"wp-image-376\" \/><\/span><\/div>\n<\/div>\n\n<div class=\"et_pb_column_3 et_pb_column et_flex_column et_pb_css_mix_blend_mode_passthrough et_flex_column_6_24 et_flex_column_12_24_tablet et_flex_column_24_24_phone\">\n<div class=\"et_pb_image_2 et_pb_image et_pb_module et_flex_module\"><span class=\"et_pb_image_wrap\"><img loading=\"lazy\" decoding=\"async\" src=\"https:\/\/guidon-fute.com\/wp-content\/uploads\/2026\/04\/Coordonees-guidon-fute.jpg\" alt=\"guidon-fute-contact-details\" title=\"guidon-fute-contact-details\" width=\"450\" height=\"450\" srcset=\"https:\/\/guidon-fute.com\/wp-content\/uploads\/2026\/04\/Coordonees-guidon-fute.jpg 450w\" sizes=\"(max-width: 450px) 100vw, 450px\" class=\"wp-image-375\" \/><\/span><\/div>\n<\/div>\n\n<div class=\"et_pb_column_4 et_pb_column et_flex_column et_pb_css_mix_blend_mode_passthrough et_flex_column_6_24 et_flex_column_12_24_tablet et_flex_column_24_24_phone\">\n<div class=\"et_pb_image_3 et_pb_image et_pb_module et_flex_module\"><span class=\"et_pb_image_wrap\"><img loading=\"lazy\" decoding=\"async\" src=\"https:\/\/guidon-fute.com\/wp-content\/uploads\/2026\/04\/location-velo-guidon-fute.jpg\" alt=\"guidon-fute-bike-rentals\" title=\"guidon-fute-bike-rentals\" width=\"450\" height=\"450\" srcset=\"https:\/\/guidon-fute.com\/wp-content\/uploads\/2026\/04\/location-velo-guidon-fute.jpg 450w\" sizes=\"(max-width: 450px) 100vw, 450px\" class=\"wp-image-377\" \/><\/span><\/div>\n<\/div>\n\n<div class=\"et_pb_column_5 et_pb_column et-last-child et_flex_column et_pb_css_mix_blend_mode_passthrough et_flex_column_6_24 et_flex_column_12_24_tablet et_flex_column_24_24_phone\">\n<div class=\"et_pb_image_4 et_pb_image et_pb_module et_flex_module\"><span class=\"et_pb_image_wrap\"><img loading=\"lazy\" decoding=\"async\" src=\"https:\/\/guidon-fute.com\/wp-content\/uploads\/2026\/04\/location-vtt-guidon-fute.jpg\" alt=\"guidon-fute-mountain-bike-rentals\" title=\"guidon-fute-mountain-bike-rentals\" width=\"450\" height=\"450\" srcset=\"https:\/\/guidon-fute.com\/wp-content\/uploads\/2026\/04\/location-vtt-guidon-fute.jpg 450w\" sizes=\"(max-width: 450px) 100vw, 450px\" class=\"wp-image-378\" \/><\/span><\/div>\n<\/div>\n<\/div>\n\n<div class=\"et_pb_row_3 et_pb_row et_flex_row\">\n<div class=\"et_pb_column_6 et_pb_column et-last-child et_flex_column et_pb_css_mix_blend_mode_passthrough et_flex_column_24_24 et_flex_column_24_24_tablet et_flex_column_24_24_phone\">\n<div class=\"et_pb_text_2 et_pb_text et_pb_bg_layout_light et_pb_module et_flex_module\"><div class=\"et_pb_text_inner\"><p>Our contact details<\/p>\n<\/div><\/div>\n<\/div>\n<\/div>\n\n<div class=\"et_pb_row_4 et_pb_row et_flex_row\">\n<div class=\"et_pb_column_7 et_pb_column et_flex_column et_pb_css_mix_blend_mode_passthrough et_flex_column_12_24 et_flex_column_12_24_tablet et_flex_column_24_24_phone\">\n<div class=\"et_pb_text_3 et_pb_text et_pb_bg_layout_light et_pb_module et_flex_module\"><div class=\"et_pb_text_inner\"><p>Guidon Fut\u00e9<\/p>\n<\/div><\/div>\n\n<div class=\"et_pb_text_4 et_pb_text et_pb_bg_layout_light et_pb_module et_flex_module\"><div class=\"et_pb_text_inner\"><p style=\"margin: 0; padding: 0;\"><a href=\"https:\/\/maps.app.goo.gl\/hFRDciR89rR19NLK7\" target=\"_blank\" rel=\"noopener noreferrer\" style=\"text-decoration: none; color: inherit; margin: 0px; padding: 0;\">465 Avenue du Tech - 66700 Argel\u00e8s-sur-Mer<\/a><br \/>\n  <a href=\"mailto:contact@guidon-fute.com\" style=\"color: inherit;\"><i class=\"fa-solid fa-envelope\" style=\"width: 20px; height: 20px; margin-right: 8px;\"><\/i>contact@guidon-fute.com<\/a><a href=\"tel:0468815655%20\" style=\"text-decoration: none; color: inherit; margin: 0; padding: 0;\"><br \/>\n<i class=\"fa-solid fa-phone\" style=\"width: 20px; height: 20px; margin-right: 8px;\"><\/i> 04 68 81 56 55<\/a><\/p>\n<\/div><\/div>\n<\/div>\n\n<div class=\"et_pb_column_8 et_pb_column et-last-child et_flex_column et_pb_css_mix_blend_mode_passthrough et_flex_column_12_24 et_flex_column_12_24_tablet et_flex_column_24_24_phone\">\n<div class=\"et_pb_text_5 et_pb_text et_pb_bg_layout_light et_pb_module et_flex_module\"><div class=\"et_pb_text_inner\"><p>Opening hours<\/p>\n<\/div><\/div>\n\n<div class=\"et_pb_text_6 et_pb_text et_pb_bg_layout_light et_pb_module et_flex_module\"><div class=\"et_pb_text_inner\"><p>From April 1 to mid-June, 9 AM to 6 PM, Monday to Saturday<br \/>\nand 9 AM to 12 PM on Sundays<br \/>\nFrom mid-June to August 31, 7 days a week, 9 AM to 7 PM<br \/>\nFrom 9 AM to 6 PM, Monday to Saturday in September<br \/>\nand 9 AM to 12 PM on Sundays<\/p>\n<\/div><\/div>\n<\/div>\n<\/div>\n<\/div>\n\n<div class=\"et_pb_section_3 et_pb_section et_section_regular et_flex_section\">\n<div class=\"et_pb_row_5 et_pb_row et_flex_row\">\n<div class=\"et_pb_column_9 et_pb_column et-last-child et_flex_column et_pb_css_mix_blend_mode_passthrough et_flex_column_24_24 et_flex_column_24_24_tablet et_flex_column_24_24_phone\">\n<div class=\"et_pb_code_0 et_pb_code et_pb_module\"><div class=\"et_pb_code_inner\"><div class=\"leaflet-map\" data-height=\"400\" data-map=\"leaflet\" data-map-lng=\"3.0418759\" data-map-lat=\"42.5563554\" data-map-zoom=\"12\" data-map-layers=\"[&quot;OpenStreetMap.Mapnik&quot;]\" data-map-markers=\"[{&quot;label&quot;:&quot;465 Avenue du Tech, 66700 Argel\\u00e8s-sur-Mer, France Occitanie&quot;,&quot;default_label&quot;:&quot;465 Avenue du Tech, 66700 Argel\\u00e8s-sur-Mer, France Occitanie&quot;,&quot;lat&quot;:42.5563554,&quot;lng&quot;:3.0418759,&quot;geocode&quot;:[{&quot;name&quot;:&quot;465, Avenue du Tech, R\\u00e9sidence le Pr\\u00e9 Catalan, Argel\\u00e8s-Plage, Argel\\u00e8s-sur-Mer, C\\u00e9ret, Pyr\\u00e9n\\u00e9es-Orientales, Occitanie, France m\\u00e9tropolitaine, 66700, France&quot;,&quot;html&quot;:&quot;465 Avenue du Tech, 66700 Argel\\u00e8s-sur-Mer, France Occitanie&quot;,&quot;bbox&quot;:{&quot;_southWest&quot;:{&quot;lat&quot;:42.5563054,&quot;lng&quot;:3.0418259},&quot;_northEast&quot;:{&quot;lat&quot;:42.5564054,&quot;lng&quot;:3.0419259}},&quot;center&quot;:{&quot;lat&quot;:42.5563554,&quot;lng&quot;:3.0418759},&quot;properties&quot;:{&quot;place_id&quot;:427443881,&quot;licence&quot;:&quot;Data \\u00a9 OpenStreetMap contributors, ODbL 1.0. http:\\\/\\\/osm.org\\\/copyright&quot;,&quot;osm_type&quot;:&quot;node&quot;,&quot;osm_id&quot;:13447152910,&quot;lat&quot;:&quot;42.5563554&quot;,&quot;lon&quot;:&quot;3.0418759&quot;,&quot;class&quot;:&quot;place&quot;,&quot;type&quot;:&quot;house&quot;,&quot;place_rank&quot;:30,&quot;importance&quot;:5.9578088044510834e-5,&quot;addresstype&quot;:&quot;place&quot;,&quot;name&quot;:&quot;&quot;,&quot;display_name&quot;:&quot;465, Avenue du Tech, R\\u00e9sidence le Pr\\u00e9 Catalan, Argel\\u00e8s-Plage, Argel\\u00e8s-sur-Mer, C\\u00e9ret, Pyr\\u00e9n\\u00e9es-Orientales, Occitanie, France m\\u00e9tropolitaine, 66700, France&quot;,&quot;address&quot;:{&quot;house_number&quot;:&quot;465&quot;,&quot;road&quot;:&quot;Avenue du Tech&quot;,&quot;neighbourhood&quot;:&quot;R\\u00e9sidence le Pr\\u00e9 Catalan&quot;,&quot;suburb&quot;:&quot;Argel\\u00e8s-Plage&quot;,&quot;town&quot;:&quot;Argel\\u00e8s-sur-Mer&quot;,&quot;municipality&quot;:&quot;C\\u00e9ret&quot;,&quot;county&quot;:&quot;Pyr\\u00e9n\\u00e9es-Orientales&quot;,&quot;ISO3166-2-lvl6&quot;:&quot;FR-66&quot;,&quot;state&quot;:&quot;Occitanie&quot;,&quot;ISO3166-2-lvl4&quot;:&quot;FR-OCC&quot;,&quot;region&quot;:&quot;France m\\u00e9tropolitaine&quot;,&quot;postcode&quot;:&quot;66700&quot;,&quot;country&quot;:&quot;France&quot;,&quot;country_code&quot;:&quot;fr&quot;,&quot;building&quot;:&quot;&quot;,&quot;city&quot;:&quot;&quot;,&quot;village&quot;:&quot;&quot;,&quot;hamlet&quot;:&quot;&quot;},&quot;boundingbox&quot;:[42.5563054,42.5564054,3.0418259,3.0419259]}}],&quot;uuid&quot;:&quot;marker_69df7199e8e1a&quot;}]\"><\/div>\n<\/div><\/div>\n<\/div>\n<\/div>\n<\/div>","protected":false},"excerpt":{"rendered":"","protected":false},"author":1,"featured_media":0,"parent":0,"menu_order":0,"comment_status":"closed","ping_status":"closed","template":"","meta":{"_acf_changed":false,"footnotes":""},"class_list":["post-430","page","type-page","status-publish","hentry"],"acf":[],"yoast_head":"<!-- This site is optimized with the Yoast SEO plugin v27.4 - https:\/\/yoast.com\/product\/yoast-seo-wordpress\/ -->\n<title>Location - Guidon Fut\u00e9<\/title>\n<meta name=\"robots\" content=\"index, follow, max-snippet:-1, max-image-preview:large, max-video-preview:-1\" \/>\n<link rel=\"canonical\" href=\"https:\/\/guidon-fute.com\/en\/location\/\" \/>\n<meta property=\"og:locale\" content=\"en_US\" \/>\n<meta property=\"og:type\" content=\"article\" \/>\n<meta property=\"og:title\" content=\"Location - Guidon Fut\u00e9\" \/>\n<meta property=\"og:url\" content=\"https:\/\/guidon-fute.com\/en\/location\/\" \/>\n<meta property=\"og:site_name\" content=\"Guidon Fut\u00e9\" \/>\n<meta property=\"article:modified_time\" content=\"2026-04-15T11:08:14+00:00\" \/>\n<meta name=\"twitter:card\" content=\"summary_large_image\" \/>\n<script type=\"application\/ld+json\" class=\"yoast-schema-graph\">{\"@context\":\"https:\\\/\\\/schema.org\",\"@graph\":[{\"@type\":\"WebPage\",\"@id\":\"https:\\\/\\\/guidon-fute.com\\\/en\\\/location\\\/\",\"url\":\"https:\\\/\\\/guidon-fute.com\\\/en\\\/location\\\/\",\"name\":\"Location - Guidon Fut\u00e9\",\"isPartOf\":{\"@id\":\"https:\\\/\\\/guidon-fute.com\\\/#website\"},\"datePublished\":\"2026-03-17T15:43:04+00:00\",\"dateModified\":\"2026-04-15T11:08:14+00:00\",\"breadcrumb\":{\"@id\":\"https:\\\/\\\/guidon-fute.com\\\/en\\\/location\\\/#breadcrumb\"},\"inLanguage\":\"en-US\",\"potentialAction\":[{\"@type\":\"ReadAction\",\"target\":[\"https:\\\/\\\/guidon-fute.com\\\/en\\\/location\\\/\"]}]},{\"@type\":\"BreadcrumbList\",\"@id\":\"https:\\\/\\\/guidon-fute.com\\\/en\\\/location\\\/#breadcrumb\",\"itemListElement\":[{\"@type\":\"ListItem\",\"position\":1,\"name\":\"Accueil\",\"item\":\"https:\\\/\\\/guidon-fute.com\\\/en\\\/home\\\/\"},{\"@type\":\"ListItem\",\"position\":2,\"name\":\"Location\"}]},{\"@type\":\"WebSite\",\"@id\":\"https:\\\/\\\/guidon-fute.com\\\/#website\",\"url\":\"https:\\\/\\\/guidon-fute.com\\\/\",\"name\":\"Guidon Fut\u00e9\",\"description\":\"Location de v\u00e9los, VTT et de rosalies \u00e0 Argeles sur Mer\",\"publisher\":{\"@id\":\"https:\\\/\\\/guidon-fute.com\\\/#organization\"},\"potentialAction\":[{\"@type\":\"SearchAction\",\"target\":{\"@type\":\"EntryPoint\",\"urlTemplate\":\"https:\\\/\\\/guidon-fute.com\\\/?s={search_term_string}\"},\"query-input\":{\"@type\":\"PropertyValueSpecification\",\"valueRequired\":true,\"valueName\":\"search_term_string\"}}],\"inLanguage\":\"en-US\"},{\"@type\":\"Organization\",\"@id\":\"https:\\\/\\\/guidon-fute.com\\\/#organization\",\"name\":\"Guidon Fut\u00e9\",\"url\":\"https:\\\/\\\/guidon-fute.com\\\/\",\"logo\":{\"@type\":\"ImageObject\",\"inLanguage\":\"en-US\",\"@id\":\"https:\\\/\\\/guidon-fute.com\\\/#\\\/schema\\\/logo\\\/image\\\/\",\"url\":\"https:\\\/\\\/guidon-fute.com\\\/wp-content\\\/uploads\\\/2026\\\/03\\\/guidon-fute.png\",\"contentUrl\":\"https:\\\/\\\/guidon-fute.com\\\/wp-content\\\/uploads\\\/2026\\\/03\\\/guidon-fute.png\",\"width\":610,\"height\":140,\"caption\":\"Guidon Fut\u00e9\"},\"image\":{\"@id\":\"https:\\\/\\\/guidon-fute.com\\\/#\\\/schema\\\/logo\\\/image\\\/\"}}]}<\/script>\n<!-- \/ Yoast SEO plugin. -->","yoast_head_json":{"title":"Location - Guidon Fut\u00e9","robots":{"index":"index","follow":"follow","max-snippet":"max-snippet:-1","max-image-preview":"max-image-preview:large","max-video-preview":"max-video-preview:-1"},"canonical":"https:\/\/guidon-fute.com\/en\/location\/","og_locale":"en_US","og_type":"article","og_title":"Location - Guidon Fut\u00e9","og_url":"https:\/\/guidon-fute.com\/en\/location\/","og_site_name":"Guidon Fut\u00e9","article_modified_time":"2026-04-15T11:08:14+00:00","twitter_card":"summary_large_image","schema":{"@context":"https:\/\/schema.org","@graph":[{"@type":"WebPage","@id":"https:\/\/guidon-fute.com\/en\/location\/","url":"https:\/\/guidon-fute.com\/en\/location\/","name":"Location - Guidon Fut\u00e9","isPartOf":{"@id":"https:\/\/guidon-fute.com\/#website"},"datePublished":"2026-03-17T15:43:04+00:00","dateModified":"2026-04-15T11:08:14+00:00","breadcrumb":{"@id":"https:\/\/guidon-fute.com\/en\/location\/#breadcrumb"},"inLanguage":"en-US","potentialAction":[{"@type":"ReadAction","target":["https:\/\/guidon-fute.com\/en\/location\/"]}]},{"@type":"BreadcrumbList","@id":"https:\/\/guidon-fute.com\/en\/location\/#breadcrumb","itemListElement":[{"@type":"ListItem","position":1,"name":"Accueil","item":"https:\/\/guidon-fute.com\/en\/home\/"},{"@type":"ListItem","position":2,"name":"Location"}]},{"@type":"WebSite","@id":"https:\/\/guidon-fute.com\/#website","url":"https:\/\/guidon-fute.com\/","name":"Guidon Fut\u00e9","description":"Location de v\u00e9los, VTT et de rosalies \u00e0 Argeles sur Mer","publisher":{"@id":"https:\/\/guidon-fute.com\/#organization"},"potentialAction":[{"@type":"SearchAction","target":{"@type":"EntryPoint","urlTemplate":"https:\/\/guidon-fute.com\/?s={search_term_string}"},"query-input":{"@type":"PropertyValueSpecification","valueRequired":true,"valueName":"search_term_string"}}],"inLanguage":"en-US"},{"@type":"Organization","@id":"https:\/\/guidon-fute.com\/#organization","name":"Guidon Fut\u00e9","url":"https:\/\/guidon-fute.com\/","logo":{"@type":"ImageObject","inLanguage":"en-US","@id":"https:\/\/guidon-fute.com\/#\/schema\/logo\/image\/","url":"https:\/\/guidon-fute.com\/wp-content\/uploads\/2026\/03\/guidon-fute.png","contentUrl":"https:\/\/guidon-fute.com\/wp-content\/uploads\/2026\/03\/guidon-fute.png","width":610,"height":140,"caption":"Guidon Fut\u00e9"},"image":{"@id":"https:\/\/guidon-fute.com\/#\/schema\/logo\/image\/"}}]}},"_links":{"self":[{"href":"https:\/\/guidon-fute.com\/en\/wp-json\/wp\/v2\/pages\/430","targetHints":{"allow":["GET"]}}],"collection":[{"href":"https:\/\/guidon-fute.com\/en\/wp-json\/wp\/v2\/pages"}],"about":[{"href":"https:\/\/guidon-fute.com\/en\/wp-json\/wp\/v2\/types\/page"}],"author":[{"embeddable":true,"href":"https:\/\/guidon-fute.com\/en\/wp-json\/wp\/v2\/users\/1"}],"replies":[{"embeddable":true,"href":"https:\/\/guidon-fute.com\/en\/wp-json\/wp\/v2\/comments?post=430"}],"version-history":[{"count":2,"href":"https:\/\/guidon-fute.com\/en\/wp-json\/wp\/v2\/pages\/430\/revisions"}],"predecessor-version":[{"id":561,"href":"https:\/\/guidon-fute.com\/en\/wp-json\/wp\/v2\/pages\/430\/revisions\/561"}],"wp:attachment":[{"href":"https:\/\/guidon-fute.com\/en\/wp-json\/wp\/v2\/media?parent=430"}],"curies":[{"name":"wp","href":"https:\/\/api.w.org\/{rel}","templated":true}]}}